{"id":122,"date":"2020-10-21T17:22:51","date_gmt":"2020-10-21T17:22:51","guid":{"rendered":"https:\/\/domainestukely.com\/accueil\/"},"modified":"2023-09-14T08:43:19","modified_gmt":"2023-09-14T12:43:19","slug":"accueil","status":"publish","type":"page","link":"https:\/\/domainestukely.com\/en\/","title":{"rendered":"Home"},"content":{"rendered":"<div class=\"wpb-content-wrapper\">[vc_row fullwidth=&#8221;true&#8221;][vc_column][vc_raw_html]JTNDdmlkZW8lMjB3aWR0aCUzRCUyMjEwMCUyNSUyMiUyMGlkJTNEJTIydmlkZW8tc3R1a2VseSUyMiUyMGNvbnRyb2xzJTNEJTIyJTIyJTIwYXV0b3BsYXklM0QlMjIlMjIlMjBsb29wJTNEJTIyJTIyJTIwbXV0ZWQlM0QlMjIlMjIlMjBwbGF5c2lubGluZSUzRCUyMiUyMiUyMHBvc3RlciUzRCUyMiUyRndwLWNvbnRlbnQlMkZ1cGxvYWRzJTJGMjAyMCUyRjEwJTJGaGVhZGVyLWRvbWFpbmUtc3R1a2VseS5qcGclMjIlM0UlMEElMjAlMjAlMjAlMjAlMjAlMjAlMjAlM0Nzb3VyY2UlMjB0eXBlJTNEJTIydmlkZW8lMkZtcDQlMjIlMjBzcmMlM0QlMjIlMkZ3cC1jb250ZW50JTJGdGhlbWVzJTJGanVwaXRlci1jaGlsZCUyRmRpc3QlMkZ2aWRlbyUyRkRvbWFpbmUtU3R1a2VseS0zMC1zZWNvbmRlcy1maW5hbGUtMTA4MHAubXA0JTIyJTNFJTBBJTIwJTIwJTIwJTIwJTIwJTIwJTNDJTJGdmlkZW8lM0U=[\/vc_raw_html][\/vc_column][\/vc_row][vc_row][vc_column][vc_empty_space height=&#8221;75px&#8221;][vc_column_text disable_pattern=&#8221;false&#8221; align=&#8221;center&#8221; css=&#8221;.vc_custom_1694695398485{margin-bottom: 0px !important;}&#8221;]\n<h1>Land for sale in the\u00a0Eastern\u00a0Townships<\/h1>\n<p>&nbsp;<\/p>\n<h2 style=\"text-transform: none; font-size: 16px;\">Join an exclusive community at the heart of our private residential complex.<\/h2>\n<p>Nestled in the friendly municipality of Bonsecours, Domaine Stukely consists of <strong>spectacular 2-acre lots<\/strong>, the ideal location to build your dream home. Integrated and structured, the project features fabulous common areas, nature trails, and a modern architectural vision for a sustainable, harmonious and exclusive living environment.<\/p>\n<p>&nbsp;<\/p>\n<h3>Available soon!<\/h3>\n[\/vc_column_text][vc_empty_space height=&#8221;75px&#8221;][vc_btn title=&#8221;Important information about the project&#8221; align=&#8221;center&#8221; link=&#8221;url:https%3A%2F%2Fdomainestukely.com%2Fwp-content%2Fuploads%2F2021%2F06%2F2021-06-25-depliant-domaine-stukely-en.pdf|title:Information%20flyer|target:_blank&#8221;][vc_empty_space height=&#8221;75px&#8221;][\/vc_column][\/vc_row][mk_page_section vertical_align=&#8221;top&#8221; bg_image=&#8221;https:\/\/domainestukely.com\/wp-content\/uploads\/2020\/10\/img-domaine-stukely-01.jpg&#8221; bg_position=&#8221;center top&#8221; bg_repeat=&#8221;no-repeat&#8221; bg_stretch=&#8221;true&#8221; enable_3d=&#8221;true&#8221; full_height=&#8221;true&#8221; el_class=&#8221;section-01&#8243; sidebar=&#8221;sidebar-1&#8243;][vc_column][vc_column_text disable_pattern=&#8221;false&#8221; el_class=&#8221;position-txt position-en&#8221; css=&#8221;.vc_custom_1613593564172{margin-bottom: 0px !important;}&#8221;]\n<h4><strong style=\"font-weight: 400; color: #0c4651;\">A timeless sanctuary.<br \/>\nA private escape.<\/strong><\/h4>\n[\/vc_column_text][\/vc_column][\/mk_page_section][vc_row fullwidth=&#8221;true&#8221; equal_columns=&#8221;true&#8221; attached=&#8221;true&#8221;][vc_column width=&#8221;1\/2&#8243;][vc_hoverbox image=&#8221;26&#8243; primary_title=&#8221;Lakeside&#8221; primary_title_font_container=&#8221;font_size:56|color:%23ffffff&#8221; primary_title_google_fonts=&#8221;font_family:Montserrat%3Aregular%2C700|font_style:400%20regular%3A400%3Anormal&#8221; hover_title=&#8221;Lakeside&#8221; shape=&#8221;square&#8221; hover_background_color=&#8221;custom&#8221; use_custom_fonts_primary_title=&#8221;true&#8221; hover_custom_background=&#8221;#0c4651&#8243; el_class=&#8221;bloc-lac&#8221;]<img loading=\"lazy\" decoding=\"async\" class=\"aligncenter size-full wp-image-103\" src=\"https:\/\/domainestukely.com\/wp-content\/uploads\/2020\/10\/ico-oeil-small.png\" alt=\"\" width=\"165\" height=\"126\" \/><\/p>\n<p>45 breathtaking lots in a sought-after area near Lake Stukely to reconnect with the calm and beauty of nature.[\/vc_hoverbox][\/vc_column][vc_column width=&#8221;1\/2&#8243;][vc_hoverbox image=&#8221;34&#8243; primary_title=&#8221;Forest side&#8221; primary_title_font_container=&#8221;font_size:56|color:%23ffffff&#8221; primary_title_google_fonts=&#8221;font_family:Montserrat%3Aregular%2C700|font_style:400%20regular%3A400%3Anormal&#8221; hover_title=&#8221;Forest side&#8221; shape=&#8221;square&#8221; hover_background_color=&#8221;custom&#8221; use_custom_fonts_primary_title=&#8221;true&#8221; hover_custom_background=&#8221;#0c4651&#8243; el_class=&#8221;bloc-foret&#8221;]<img loading=\"lazy\" decoding=\"async\" class=\"aligncenter size-full wp-image-103\" src=\"https:\/\/domainestukely.com\/wp-content\/uploads\/2020\/10\/ico-foret-small.png\" alt=\"\" width=\"165\" height=\"145\" \/><\/p>\n<p>40 magnificent private lots in a wooded area where mature trees and a landscape of lush forest with pines and maple trees will enchant you.[\/vc_hoverbox][\/vc_column][\/vc_row][vc_row][vc_column][vc_empty_space height=&#8221;100px&#8221;][vc_column_text disable_pattern=&#8221;false&#8221; align=&#8221;center&#8221; css=&#8221;.vc_custom_1603911863816{margin-bottom: 0px !important;}&#8221;]\n<h2 class=\"titre-vert\">Exceptional living areas<\/h2>\n[\/vc_column_text][vc_empty_space height=&#8221;100px&#8221;][\/vc_column][\/vc_row][vc_row fullwidth=&#8221;true&#8221; visibility=&#8221;visible-sm&#8221; css=&#8221;.vc_custom_1603478612044{padding-top: 0px !important;padding-right: 0px !important;padding-bottom: 0px !important;padding-left: 0px !important;}&#8221;][vc_column css=&#8221;.vc_custom_1603310679469{padding-top: 0px !important;padding-right: 0px !important;padding-bottom: 0px !important;padding-left: 0px !important;}&#8221;][vc_single_image image=&#8221;138&#8243; img_size=&#8221;full&#8221; alignment=&#8221;center&#8221;][\/vc_column][\/vc_row][vc_row fullwidth=&#8221;true&#8221; visibility=&#8221;hidden-sm&#8221; css=&#8221;.vc_custom_1603478619861{padding-top: 0px !important;padding-right: 0px !important;padding-bottom: 0px !important;padding-left: 0px !important;}&#8221;][vc_column width=&#8221;1\/3&#8243; css=&#8221;.vc_custom_1603310679469{padding-top: 0px !important;padding-right: 0px !important;padding-bottom: 0px !important;padding-left: 0px !important;}&#8221;][mk_custom_box padding_vertical=&#8221;0&#8243; padding_horizental=&#8221;0&#8243; margin_bottom=&#8221;0&#8243; min_height=&#8221;640&#8243; el_class=&#8221;img-01&#8243; bg_image=&#8221;https:\/\/domainestukely.com\/wp-content\/uploads\/2020\/10\/img-01.jpg&#8221;][\/mk_custom_box][mk_custom_box padding_vertical=&#8221;0&#8243; padding_horizental=&#8221;0&#8243; margin_bottom=&#8221;0&#8243; min_height=&#8221;1276&#8243; el_class=&#8221;img-04&#8243; bg_image=&#8221;https:\/\/domainestukely.com\/wp-content\/uploads\/2020\/10\/img-04.jpg&#8221;][\/mk_custom_box][\/vc_column][vc_column width=&#8221;1\/3&#8243; css=&#8221;.vc_custom_1603310664872{padding-top: 0px !important;padding-right: 0px !important;padding-bottom: 0px !important;padding-left: 0px !important;}&#8221;][mk_custom_box padding_vertical=&#8221;0&#8243; padding_horizental=&#8221;0&#8243; margin_bottom=&#8221;0&#8243; min_height=&#8221;640&#8243; el_class=&#8221;img-02&#8243; bg_image=&#8221;https:\/\/domainestukely.com\/wp-content\/uploads\/2020\/10\/img-02.jpg&#8221;][\/mk_custom_box][mk_custom_box padding_vertical=&#8221;0&#8243; padding_horizental=&#8221;0&#8243; margin_bottom=&#8221;0&#8243; min_height=&#8221;640&#8243; el_class=&#8221;img-05&#8243; bg_image=&#8221;https:\/\/domainestukely.com\/wp-content\/uploads\/2020\/10\/img-05.jpg&#8221;][\/mk_custom_box][mk_custom_box padding_vertical=&#8221;0&#8243; padding_horizental=&#8221;0&#8243; margin_bottom=&#8221;0&#8243; min_height=&#8221;640&#8243; el_class=&#8221;img-06&#8243; bg_image=&#8221;https:\/\/domainestukely.com\/wp-content\/uploads\/2020\/10\/img-06.jpg&#8221;][\/mk_custom_box][\/vc_column][vc_column width=&#8221;1\/3&#8243; css=&#8221;.vc_custom_1603310657671{padding-top: 0px !important;padding-right: 0px !important;padding-bottom: 0px !important;padding-left: 0px !important;}&#8221;][mk_custom_box padding_vertical=&#8221;0&#8243; padding_horizental=&#8221;0&#8243; margin_bottom=&#8221;0&#8243; min_height=&#8221;1276&#8243; el_class=&#8221;img-03&#8243; bg_image=&#8221;https:\/\/domainestukely.com\/wp-content\/uploads\/2020\/10\/img-03.jpg&#8221;][\/mk_custom_box][mk_custom_box padding_vertical=&#8221;0&#8243; padding_horizental=&#8221;0&#8243; margin_bottom=&#8221;0&#8243; min_height=&#8221;640&#8243; el_class=&#8221;img-07&#8243; bg_image=&#8221;https:\/\/domainestukely.com\/wp-content\/uploads\/2020\/10\/img-07.jpg&#8221;][\/mk_custom_box][\/vc_column][\/vc_row][vc_row][vc_column][vc_empty_space height=&#8221;75px&#8221;][vc_column_text disable_pattern=&#8221;false&#8221; align=&#8221;center&#8221; css=&#8221;.vc_custom_1603469891133{margin-bottom: 0px !important;}&#8221;]\n<h2 class=\"titre-vert\">Only 1 hour away from the Champlain Bridge<\/h2>\n<p>A haven of tranquillity near Montreal, ideal for active people, nature lovers, families, and working from home. Domaine Stukely\u2019s pristine and luxuriant landscapes will make you feel like you are on top of the world.[\/vc_column_text][vc_empty_space height=&#8221;75px&#8221;][vc_row_inner][vc_column_inner width=&#8221;1\/3&#8243;][mk_icon_box2 icon_type=&#8221;image&#8221; icon_size=&#8221;inherit&#8221; icon_image=&#8221;https:\/\/domainestukely.com\/wp-content\/uploads\/2020\/10\/ico-01.png&#8221; title_bottom_padding=&#8221;17&#8243; description_color=&#8221;#3f4443&#8243;]Magnificent view across the Mont-Orford protected national park[\/mk_icon_box2][\/vc_column_inner][vc_column_inner width=&#8221;1\/3&#8243;][mk_icon_box2 icon_type=&#8221;image&#8221; icon_size=&#8221;inherit&#8221; icon_image=&#8221;https:\/\/domainestukely.com\/wp-content\/uploads\/2020\/10\/ico-02.png&#8221; description_color=&#8221;#3f4443&#8243;]Three other national parks nearby: Frontenac, M\u00e9gantic, Yamaska[\/mk_icon_box2][\/vc_column_inner][vc_column_inner width=&#8221;1\/3&#8243;][mk_icon_box2 icon_type=&#8221;image&#8221; icon_size=&#8221;inherit&#8221; icon_image=&#8221;https:\/\/domainestukely.com\/wp-content\/uploads\/2020\/10\/ico-03.png&#8221; title_bottom_padding=&#8221;23&#8243; description_color=&#8221;#3f4443&#8243;]Three tourist routes and road bike paths[\/mk_icon_box2][\/vc_column_inner][\/vc_row_inner][vc_empty_space height=&#8221;30px&#8221;][vc_row_inner][vc_column_inner width=&#8221;1\/3&#8243;][mk_icon_box2 icon_type=&#8221;image&#8221; icon_size=&#8221;inherit&#8221; icon_image=&#8221;https:\/\/domainestukely.com\/wp-content\/uploads\/2020\/10\/ico-04.png&#8221; title_bottom_padding=&#8221;20&#8243; description_color=&#8221;#3f4443&#8243;]Spas, shops, and restaurants[\/mk_icon_box2][\/vc_column_inner][vc_column_inner width=&#8221;1\/3&#8243;][mk_icon_box2 icon_type=&#8221;image&#8221; icon_size=&#8221;inherit&#8221; icon_image=&#8221;https:\/\/domainestukely.com\/wp-content\/uploads\/2020\/10\/ico-05.png&#8221; title_bottom_padding=&#8221;35&#8243; description_color=&#8221;#3f4443&#8243; el_class=&#8221;ico-05&#8243;]Farms, bakeries, hidden gems, and local foods[\/mk_icon_box2][\/vc_column_inner][vc_column_inner width=&#8221;1\/3&#8243;][mk_icon_box2 icon_type=&#8221;image&#8221; icon_size=&#8221;inherit&#8221; icon_image=&#8221;https:\/\/domainestukely.com\/wp-content\/uploads\/2020\/10\/ico-06.png&#8221; title_bottom_padding=&#8221;20&#8243; description_color=&#8221;#3f4443&#8243; el_class=&#8221;ico-06&#8243;]Microbreweries[\/mk_icon_box2][\/vc_column_inner][\/vc_row_inner][vc_empty_space height=&#8221;75px&#8221;][\/vc_column][\/vc_row][vc_row fullwidth=&#8221;true&#8221; css=&#8221;.vc_custom_1603400601953{padding-right: 0px !important;padding-left: 0px !important;background-color: #0c4651 !important;}&#8221; id=&#8221;contact&#8221;][vc_column width=&#8221;1\/2&#8243; css=&#8221;.vc_custom_1603388824813{padding-right: 0px !important;padding-left: 0px !important;}&#8221;][mk_advanced_gmaps custom_markers=&#8221;true&#8221; latitude=&#8221;45.384085&#8243; longitude=&#8221;-72.266168&#8243; custom_marker_1=&#8221;https:\/\/domainestukely.com\/wp-content\/uploads\/2020\/10\/marker.png&#8221; height=&#8221;525&#8243; map_zoom=&#8221;13&#8243;][\/vc_column][vc_column width=&#8221;1\/2&#8243; css=&#8221;.vc_custom_1603388831604{padding-right: 0px !important;padding-left: 0px !important;}&#8221;][vc_empty_space height=&#8221;10px&#8221;][vc_column_text css=&#8221;.vc_custom_1603830093884{margin-bottom: 0px !important;}&#8221;]\n<a name=\"contact-erreur\"><\/a>\n<div class=\"wrap_formulaire\">\n\n\t\n\t\t\t\n\t\t\t<div class='msg-erreur' style=\"display: none;\">An error has occured, please try again.<\/div>\n            <div id=\"errormsg\" class=\"addleftmargin\" style=\"color:#f00;\"><\/div>\n\n\t\t\t<p class=\"addleftmargin\">I want more information about the lots for sale at Domaine Stukely.<\/p>\n\n\n\t\t\t<form  id=\"formInfolettre\" action=\"https:\/\/app.cyberimpact.com\/optin\" method=\"post\" accept-charset=\"utf-8\">\n\n\t\t\t\t<!--\n\t\t\t\t\t<label class=\"addleftmargin\">I am interested in a lot<\/label>\n\n\t\t\t\t\t<select id=\"ci_custom_field_2\" name=\"ci_custom_field_2\">\n\t\t\t\t\t\t<option value=\"\">--<\/option>\n\t\t\t\t\t\t<option value=\"C\u00f4t\u00e9 lac\">Lakeside<\/option>\t\t\t\n\t\t\t\t\t\t<option value=\"C\u00f4t\u00e9 for\u00eat\">Forest side<\/option>\n\t\t\t\t\t\t<option value=\"Les deux\">Both<\/option>\n\t\t\t\t\t<\/select>\n-->\n\n\n\t\t\t\t\t<input type=\"text\" id=\"ci_firstname\" name=\"ci_firstname\" maxlength=\"255\" placeholder=\"First name\" \/>\n\t\t\t\t\t<input type=\"text\" id=\"ci_lastname\" name=\"ci_lastname\" maxlength=\"255\" placeholder=\"Last name\" \/>\n\n\t\t\t\t\t<input type=\"text\" id=\"ci_custom_field_1\" name=\"ci_custom_field_1\" maxlength=\"255\" placeholder=\"Phone\" \/>\n\t\t\t\t\t<input type=\"text\" id=\"ci_email\" name=\"ci_email\" maxlength=\"255\" placeholder=\"Email\" \/>\n\t\t\t\t\t<input type=\"text\" id=\"ci_postal_code\" name=\"ci_postal_code\" maxlength=\"10\" placeholder=\"Postal code\" \/>\n\n\t\t\t\t\t<!--input type=\"checkbox\" name=\"infolettre[]\" value=\"oui\" class=\"addleftmargin\">&nbsp;&nbsp;J'accepte de recevoir des nouvelles du Domaine Stukely et de LSR GesDev.-->\n                <label style=\"display:block;margin:25px 0 10px 0;\"><input type=\"checkbox\" id=\"ci_custom_field_2\" style=\" float:left; position:relative; top:-4px; width:30px;\" name=\"ci_custom_field_2\" value=\"oui\" class=\"addleftmargin\"> I would like to receive news from Domaine Stukely and LSR GesDev.<\/label>\n\n\n\t\t\t\t\t<div style=\"display:block; visibility:hidden; height:1px;\">\n\n\t\t\t\t\t<input type=\"hidden\" id=\"ci_groups\" name=\"ci_groups\" value=\"3\" \/>\n\t\t\t\t\t<input type=\"hidden\" id=\"ci_account\" name=\"ci_account\" value=\"d6594f16-7f05-4438-f175-585402f7b48a\" \/>\n\t\t\t\t\t<input type=\"hidden\" id=\"ci_language\" name=\"ci_language\" value=\"en_ca\" \/>\n\t\t\t\t\t<input type=\"hidden\" id=\"ci_sent_url\" name=\"ci_sent_url\" value=\"https:\/\/domainestukely.com\/en\/thank-you\/#thank-you\" \/>\n\t\t\t\t\t<input type=\"hidden\" id=\"ci_error_url\" name=\"ci_error_url\" value=\"https:\/\/domainestukely.com\/en\/#contact-error\" \/>\n\t\t\t\t\t<input type=\"hidden\" id=\"ci_confirm_url\" name=\"ci_confirm_url\" value=\"https:\/\/domainestukely.com\/en\/thank-you\/#thank-you\" \/>\n\t\t\t\t\t<\/div>\n\t\t\t\t\t<input type=\"submit\" value=\"SEND\" class=\"btn-submit\" \/> \n\t\t\t<\/form>\n\t\n\t\t\t\t<script type=\"text\/javascript\">\n\n\t\t\t\tjQuery(document).ready(function($){\n\t\t\t\t\t\"use strict\";\n\n\t\t\t\t\t\/\/alert(window.location.hash);\n                    $('#formInfolettre').on('submit', function(e){\n                        if (!$(\"#ci_custom_field_2\").is(\":checked\")) {\n                            $('#errormsg').html(\"Please tick the box 'I would like to receive news from Domaine Stukely and LSR GesDev'\").show();\n                            return false;\n                        }\n                    });\n\n\t\t\t\t\tif( window.location.hash == \"#contact-error\"){\n\t\t\t\t\t\t$('.msg-erreur').show();\n\t\t\t\t\t}\n\n\n\n\t\t\t\t});\n\n\t\t\t<\/script> \n\t\n\t\t\n\n\n\n<\/div>\n\n\n\n\n\t\n[\/vc_column_text][\/vc_column][\/vc_row]\n<\/div>","protected":false},"excerpt":{"rendered":"<p>[vc_row fullwidth=&#8221;true&#8221;][vc_column][vc_raw_html]JTNDdmlkZW8lMjB3aWR0aCUzRCUyMjEwMCUyNSUyMiUyMGlkJTNEJTIydmlkZW8tc3R1a2VseSUyMiUyMGNvbnRyb2xzJTNEJTIyJTIyJTIwYXV0b3BsYXklM0QlMjIlMjIlMjBsb29wJTNEJTIyJTIyJTIwbXV0ZWQlM0QlMjIlMjIlMjBwbGF5c2lubGluZSUzRCUyMiUyMiUyMHBvc3RlciUzRCUyMiUyRndwLWNvbnRlbnQlMkZ1cGxvYWRzJTJGMjAyMCUyRjEwJTJGaGVhZGVyLWRvbWFpbmUtc3R1a2VseS5qcGclMjIlM0UlMEElMjAlMjAlMjAlMjAlMjAlMjAlMjAlM0Nzb3VyY2UlMjB0eXBlJTNEJTIydmlkZW8lMkZtcDQlMjIlMjBzcmMlM0QlMjIlMkZ3cC1jb250ZW50JTJGdGhlbWVzJTJGanVwaXRlci1jaGlsZCUyRmRpc3QlMkZ2aWRlbyUyRkRvbWFpbmUtU3R1a2VseS0zMC1zZWNvbmRlcy1maW5hbGUtMTA4MHAubXA0JTIyJTNFJTBBJTIwJTIwJTIwJTIwJTIwJTIwJTNDJTJGdmlkZW8lM0U=[\/vc_raw_html][\/vc_column][\/vc_row][vc_row][vc_column][vc_empty_space height=&#8221;75px&#8221;][vc_column_text disable_pattern=&#8221;false&#8221; align=&#8221;center&#8221; css=&#8221;.vc_custom_1694695398485{margin-bottom: 0px !important;}&#8221;] Land for sale in the\u00a0Eastern\u00a0Townships &nbsp; Join an exclusive community at the heart of our private residential complex. Nestled in the friendly municipality of Bonsecours, Domaine Stukely consists of spectacular 2-acre lots, the ideal location to build your dream home. Integrated and structured, the project features fabulous [&hellip;]<\/p>\n","protected":false},"author":1,"featured_media":269,"parent":0,"menu_order":0,"comment_status":"closed","ping_status":"closed","template":"","meta":{"footnotes":""},"class_list":["post-122","page","type-page","status-publish","has-post-thumbnail","hentry"],"aioseo_notices":[],"_links":{"self":[{"href":"https:\/\/domainestukely.com\/en\/wp-json\/wp\/v2\/pages\/122","targetHints":{"allow":["GET"]}}],"collection":[{"href":"https:\/\/domainestukely.com\/en\/wp-json\/wp\/v2\/pages"}],"about":[{"href":"https:\/\/domainestukely.com\/en\/wp-json\/wp\/v2\/types\/page"}],"author":[{"embeddable":true,"href":"https:\/\/domainestukely.com\/en\/wp-json\/wp\/v2\/users\/1"}],"replies":[{"embeddable":true,"href":"https:\/\/domainestukely.com\/en\/wp-json\/wp\/v2\/comments?post=122"}],"version-history":[{"count":40,"href":"https:\/\/domainestukely.com\/en\/wp-json\/wp\/v2\/pages\/122\/revisions"}],"predecessor-version":[{"id":274,"href":"https:\/\/domainestukely.com\/en\/wp-json\/wp\/v2\/pages\/122\/revisions\/274"}],"wp:featuredmedia":[{"embeddable":true,"href":"https:\/\/domainestukely.com\/en\/wp-json\/wp\/v2\/media\/269"}],"wp:attachment":[{"href":"https:\/\/domainestukely.com\/en\/wp-json\/wp\/v2\/media?parent=122"}],"curies":[{"name":"wp","href":"https:\/\/api.w.org\/{rel}","templated":true}]}}